{"id":1090,"date":"2025-05-06T14:23:36","date_gmt":"2025-05-06T13:23:36","guid":{"rendered":"https:\/\/refugedusorcier.com\/?page_id=1090"},"modified":"2025-06-20T09:04:07","modified_gmt":"2025-06-20T08:04:07","slug":"disponibilites","status":"publish","type":"page","link":"https:\/\/refugedusorcier.com\/en\/disponibilites\/","title":{"rendered":"Disponibilit\u00e9s &amp; tarifs"},"content":{"rendered":"\t\t<div data-elementor-type=\"wp-page\" data-elementor-id=\"1090\" class=\"elementor elementor-1090\" data-elementor-post-type=\"page\">\n\t\t\t\t<div class=\"elementor-element elementor-element-e4354ba e-con-full e-flex e-con e-child\" data-id=\"e4354ba\" data-element_type=\"container\" data-e-type=\"container\" data-settings=\"{&quot;background_background&quot;:&quot;classic&quot;}\">\n\t\t<div class=\"elementor-element elementor-element-13866dd e-con-full e-flex elementor-invisible e-con e-child\" data-id=\"13866dd\" data-element_type=\"container\" data-e-type=\"container\" data-settings=\"{&quot;animation&quot;:&quot;fadeInUp&quot;}\">\n\t\t\t\t<div class=\"elementor-element elementor-element-66c4f20 elementor-widget__width-initial elementor-widget elementor-widget-heading\" data-id=\"66c4f20\" data-element_type=\"widget\" data-e-type=\"widget\" data-widget_type=\"heading.default\">\n\t\t\t\t<div class=\"elementor-widget-container\">\n\t\t\t\t\t<h1 class=\"elementor-heading-title elementor-size-default\">Disponibilit\u00e9s et tarifs<\/h1>\t\t\t\t<\/div>\n\t\t\t\t<\/div>\n\t\t\t\t<div class=\"elementor-element elementor-element-e8a69b3 elementor-widget-divider--view-line elementor-widget elementor-widget-divider\" data-id=\"e8a69b3\" data-element_type=\"widget\" data-e-type=\"widget\" data-widget_type=\"divider.default\">\n\t\t\t\t<div class=\"elementor-widget-container\">\n\t\t\t\t\t\t\t<div class=\"elementor-divider\">\n\t\t\t<span class=\"elementor-divider-separator\">\n\t\t\t\t\t\t<\/span>\n\t\t<\/div>\n\t\t\t\t\t\t<\/div>\n\t\t\t\t<\/div>\n\t\t\t\t<\/div>\n\t\t<div class=\"elementor-element elementor-element-9438170 e-con-full tarification e-flex e-con e-child\" data-id=\"9438170\" data-element_type=\"container\" data-e-type=\"container\">\n\t\t<div class=\"elementor-element elementor-element-82270a1 e-con-full e-flex e-con e-child\" data-id=\"82270a1\" data-element_type=\"container\" data-e-type=\"container\" data-settings=\"{&quot;background_background&quot;:&quot;classic&quot;}\">\n\t\t\t\t<div class=\"elementor-element elementor-element-dd62da8 elementor-widget__width-inherit elementor-widget elementor-widget-heading\" data-id=\"dd62da8\" data-element_type=\"widget\" data-e-type=\"widget\" data-widget_type=\"heading.default\">\n\t\t\t\t<div class=\"elementor-widget-container\">\n\t\t\t\t\t<h2 class=\"elementor-heading-title elementor-size-default\">Profitez d'un tarif unique, toute l'ann\u00e9e\u00a0!<\/h2>\t\t\t\t<\/div>\n\t\t\t\t<\/div>\n\t\t\t\t<div class=\"elementor-element elementor-element-c32ce33 elementor-widget elementor-widget-price-list\" data-id=\"c32ce33\" data-element_type=\"widget\" data-e-type=\"widget\" data-widget_type=\"price-list.default\">\n\t\t\t\t<div class=\"elementor-widget-container\">\n\t\t\t\t\t\n\t\t<ul class=\"elementor-price-list\">\n\n\t\t\t\t\t\t\t\t\t<li><a class=\"elementor-price-list-item\" href=\"#\">\t\t\t\t\n\t\t\t\t<div class=\"elementor-price-list-text\">\n\t\t\t\t\t\t\t\t\t<div class=\"elementor-price-list-header\">\n\t\t\t\t\t\t\t\t\t\t\t<span class=\"elementor-price-list-title\">\n\t\t\t\t\t\t\tSemaine\t\t\t\t\t\t<\/span>\n\t\t\t\t\t\t\t\t\t\t\t\t\t\t\t\t\t\t<span class=\"elementor-price-list-separator\"><\/span>\n\t\t\t\t\t\t\t\t\t\t\t\t\t\t\t\t\t\t\t<span class=\"elementor-price-list-price\"><span style=\"font-size: 70%;\">\u00e0 partir de <\/span><br><strong>159\u20ac<\/strong> <span style=\"font-size: 70%;\">\/nuit<\/span><\/span>\n\t\t\t\t\t\t\t\t\t\t<\/div>\n\t\t\t\t\t\t\t\t\t\t\t\t\t\t\t<p class=\"elementor-price-list-description\">\n\t\t\t\t\t\t\tDu Dimanche au Jeudi\t\t\t\t\t\t<\/p>\n\t\t\t\t\t\t\t\t<\/div>\n\t\t\t\t<\/a><\/li>\t\t\t\t\t\t\t\t\t\t\t\t<li><a class=\"elementor-price-list-item\" href=\"#\">\t\t\t\t\n\t\t\t\t<div class=\"elementor-price-list-text\">\n\t\t\t\t\t\t\t\t\t<div class=\"elementor-price-list-header\">\n\t\t\t\t\t\t\t\t\t\t\t<span class=\"elementor-price-list-title\">\n\t\t\t\t\t\t\tWeek-end et jours f\u00e9ri\u00e9s\t\t\t\t\t\t<\/span>\n\t\t\t\t\t\t\t\t\t\t\t\t\t\t\t\t\t\t<span class=\"elementor-price-list-separator\"><\/span>\n\t\t\t\t\t\t\t\t\t\t\t\t\t\t\t\t\t\t\t<span class=\"elementor-price-list-price\"><span style=\"font-size: 70%;\">\u00e0 partir de <\/span><br><strong>179\u20ac<\/strong> <span style=\"font-size: 70%;\">\/nuit<\/span><\/span>\n\t\t\t\t\t\t\t\t\t\t<\/div>\n\t\t\t\t\t\t\t\t\t\t\t\t\t\t\t<p class=\"elementor-price-list-description\">\n\t\t\t\t\t\t\tVendredi et Samedi\t\t\t\t\t\t<\/p>\n\t\t\t\t\t\t\t\t<\/div>\n\t\t\t\t<\/a><\/li>\t\t\t\t\t\n\t\t<\/ul>\n\n\t\t\t\t\t\t<\/div>\n\t\t\t\t<\/div>\n\t\t\t\t<div class=\"elementor-element elementor-element-2daa086 elementor-widget elementor-widget-text-editor\" data-id=\"2daa086\" data-element_type=\"widget\" data-e-type=\"widget\" data-widget_type=\"text-editor.default\">\n\t\t\t\t<div class=\"elementor-widget-container\">\n\t\t\t\t\t\t\t\t\t<p>+20\u202f\u20ac\/nuit par personne au-del\u00e0 de 2 voyageurs<\/p>\t\t\t\t\t\t\t\t<\/div>\n\t\t\t\t<\/div>\n\t\t\t\t<\/div>\n\t\t\t\t<div class=\"elementor-element elementor-element-fedefa2 elementor-widget__width-initial elementor-widget elementor-widget-html\" data-id=\"fedefa2\" data-element_type=\"widget\" data-e-type=\"widget\" data-widget_type=\"html.default\">\n\t\t\t\t<div class=\"elementor-widget-container\">\n\t\t\t\t\t<!-- STYLE -->\n<style>\n  body {\n    background-color: #000 !important;\n  }\n\n  button#Estimer {\n    background-color: #353b3b !important;\n    background-image: none !important;\n    color: #fff !important;\n    border: 1px solid #666666 !important;\n    border-radius: 4px !important;\n    padding: 10px 18px !important;\n    font-size: 16px !important;\n    cursor: pointer;\n    display: block !important;\n    font-family: Jost, sans-serif !important;\n    text-align: center;\n    margin: auto !important;\n    position: relative;\n    z-index: 1;\n  }\n\n  #calculateur-tarif-simple {\n    display: none;\n    background-color: #212323 !important;\n    border: 0px solid #F0F4F1 !important;\n    border-radius: 11px;\n    padding: 20px;\n    max-width: 500px;\n    width: 100%;\n    margin: -50px auto 0 auto;\n    color: #fff !important;\n    font-family: 'Jost', sans-serif;\n    box-sizing: border-box;\n    text-align: center;\n    position: relative;\n    z-index: 2;\n  }\n\n  #calculateur-tarif-simple h3 {\n    margin-bottom: 20px;\n    font-size: 18px !important;\n    font-weight: 600 !important;\n    font-family: 'Jost', sans-serif;\n    color: #FFFFFF !important;\n  }\n\n  .ligne-selecteurs {\n    display: flex;\n    gap: 10px;\n    justify-content: space-between;\n    margin-bottom: 15px;\n  }\n\n  .ligne-selecteurs label {\n    flex: 1;\n    font-size: 14px;\n    font-weight: normal;\n    color: #fff;\n    text-align: left;\n  }\n\n  #calculateur-tarif-simple select {\n    width: 100%;\n    padding: 12px !important;\n    background-color: #424949;\n    border: 1px solid #737373;\n    border-radius: 6px;\n    color: #fff !important;\n    font-size: 14px;\n  }\n\n  .btn-calc {\n    margin-top: 10px;\n    width: 100%;\n    background: linear-gradient(to right, #ffe49b, #e0c674);\n    color: #000;\n    font-weight: bold !important;\n    border: none;\n    border-radius: 6px;\n    padding: 12px;\n    font-size: 15px;\n    cursor: pointer;\n  }\n\n  #resultat-prix {\n    margin-top: 10px;\n    font-size: 16px;\n    color: #ffe49b !important;\n    font-weight: bold;\n  }\n\n  #nouvelle-estimation {\n    display: none;\n    margin-bottom: 10px;\n  }\n\n#calculateur-tarif-simple .btn-actualiser {\n  all: unset;\n  display: inline-block;\n  font-size: 13px;\n  padding: 6px 14px;\n  color: #fff;\n  background-color: #353b3b;\n  border: 1px solid #666;\n  border-radius: 4px;\n  font-family: Jost, sans-serif;\n  cursor: pointer;\n  transition: background-color 0.2s ease;\n}\n#calculateur-tarif-simple .btn-actualiser:hover {\n  background-color: #505757;\n}\n\n  #bouton-dispo,\n  #lien-bon-cadeau {\n    display: none;\n  }\n\n  #bouton-dispo {\n    margin-top: 20px;\n  }\n\n  #lien-bon-cadeau {\n    margin-top: 15px;\n    font-size: 16px;\n  }\n\n  #lien-bon-cadeau a {\n    color: #ffe49b !important;\n    text-decoration: underline;\n    font-size: 16px;\n    font-weight: 500;\n  }\n\n  #lien-bon-cadeau a:hover {\n    color: #fff !important;\n  }\n<\/style>\n\n<!-- BOUTON POUR AFFICHER LE WIDGET -->\n<button id=\"Estimer\">Faire une estimation<\/button>\n\n<!-- WIDGET -->\n<div id=\"calculateur-tarif-simple\">\n  <h3>CALULEZ LE TARIF POUR 1 NUIT\u00c9E<\/h3>\n\n  <div class=\"ligne-selecteurs\">\n    <label>Type de s\u00e9jour :\n      <select id=\"type-sejour\">\n        <option value=\"semaine\">Semaine<\/option>\n        <option value=\"weekend\">Week-end ou Jour f\u00e9ri\u00e9<\/option>\n      <\/select>\n    <\/label>\n\n    <label>Nombre de voyageurs :\n      <select id=\"nb-personnes\">\n        <option value=\"1\">1<\/option>\n        <option value=\"2\" selected>2<\/option>\n        <option value=\"3\">3<\/option>\n        <option value=\"4\">4<\/option>\n      <\/select>\n    <\/label>\n  <\/div>\n\n  <button id=\"btn-calculer\" class=\"btn-calc\" onclick=\"calculerPrixSimple()\">Calculer<\/button>\n\n  <div id=\"nouvelle-estimation\">\n    <button onclick=\"recalculer();\" class=\"btn-actualiser\">Actualiser le tarif<\/button>\n  <\/div>\n\n  <p id=\"resultat-prix\"><\/p>\n\n  <button id=\"bouton-dispo\" class=\"btn-calc\" onclick=\"scrollToDisponibilite()\">V\u00e9rifier la disponibilit\u00e9<\/button>\n\n  <div id=\"lien-bon-cadeau\">\n    <a href=\"https:\/\/refugedusorcier.com\/carte-cadeau\/\">Offrir une carte-cadeau<\/a>\n  <\/div>\n<\/div>\n\n<!-- SCRIPT -->\n<script>\nfunction calculerPrixSimple() {\n  const type = document.getElementById('type-sejour').value;\n  const personnes = parseInt(document.getElementById('nb-personnes').value);\n  const prixBase = (type === 'semaine') ? 159 : 179;\n\n  if (isNaN(personnes) || personnes <= 0) {\n    document.getElementById('resultat-prix').innerText = \"Veuillez saisir un nombre valide de voyageurs.\";\n    document.getElementById('bouton-dispo').style.display = \"none\";\n    document.getElementById('lien-bon-cadeau').style.display = \"none\";\n    document.getElementById('nouvelle-estimation').style.display = \"none\";\n    return;\n  }\n\n  const supplement = (personnes > 2) ? (personnes - 2) * 20 : 0;\n  const total = prixBase + supplement;\n\n  document.getElementById('resultat-prix').innerText = `Tarif pour 1 nuit : ${total.toFixed(2)} \u20ac`;\n  document.getElementById('btn-calculer').style.display = 'none';\n  document.getElementById('nouvelle-estimation').style.display = 'block';\n  document.getElementById('bouton-dispo').style.display = 'block';\n  document.getElementById('lien-bon-cadeau').style.display = 'block';\n}\n\nfunction recalculer() {\n  calculerPrixSimple();\n}\n\nfunction scrollToDisponibilite() {\n  const target = document.getElementById(\"disponibilite\");\n  if (target) {\n    target.scrollIntoView({ behavior: \"smooth\" });\n  }\n}\n\ndocument.addEventListener(\"DOMContentLoaded\", () => {\n  const trigger = document.getElementById(\"Estimer\");\n  const widget = document.getElementById(\"calculateur-tarif-simple\");\n  if (trigger && widget) {\n    trigger.addEventListener(\"click\", () => {\n      widget.style.display = \"block\";\n    });\n  }\n});\n<\/script>\t\t\t\t<\/div>\n\t\t\t\t<\/div>\n\t\t\t\t<\/div>\n\t\t\t\t<\/div>\n\t\t<div class=\"elementor-element elementor-element-700aeae e-flex e-con-boxed e-con e-parent\" data-id=\"700aeae\" data-element_type=\"container\" data-e-type=\"container\" id=\"disponibilite\" data-settings=\"{&quot;background_background&quot;:&quot;classic&quot;}\">\n\t\t\t\t\t<div class=\"e-con-inner\">\n\t\t<div class=\"elementor-element elementor-element-a2c07db e-con-full e-flex e-con e-child\" data-id=\"a2c07db\" data-element_type=\"container\" data-e-type=\"container\" data-settings=\"{&quot;background_background&quot;:&quot;classic&quot;}\">\n\t\t\t\t<div class=\"elementor-element elementor-element-20e9686 elementor-widget elementor-widget-heading\" data-id=\"20e9686\" data-element_type=\"widget\" data-e-type=\"widget\" data-widget_type=\"heading.default\">\n\t\t\t\t<div class=\"elementor-widget-container\">\n\t\t\t\t\t<div class=\"elementor-heading-title elementor-size-default\">Quand commencera votre magie&nbsp;?<\/div>\t\t\t\t<\/div>\n\t\t\t\t<\/div>\n\t\t\t\t<div class=\"elementor-element elementor-element-6be68e0 elementor-icon-list--layout-inline elementor-align-center elementor-mobile-align-center elementor-tablet-align-center elementor-list-item-link-full_width elementor-widget elementor-widget-icon-list\" data-id=\"6be68e0\" data-element_type=\"widget\" data-e-type=\"widget\" id=\"disponibilite\" data-widget_type=\"icon-list.default\">\n\t\t\t\t<div class=\"elementor-widget-container\">\n\t\t\t\t\t\t\t<ul class=\"elementor-icon-list-items elementor-inline-items\">\n\t\t\t\t\t\t\t<li class=\"elementor-icon-list-item elementor-inline-item\">\n\t\t\t\t\t\t\t\t\t\t<span class=\"elementor-icon-list-text\">\ud83e\uddd9 Meilleurs prix garantis<\/span>\n\t\t\t\t\t\t\t\t\t<\/li>\n\t\t\t\t\t\t\t\t<li class=\"elementor-icon-list-item elementor-inline-item\">\n\t\t\t\t\t\t\t\t\t\t<span class=\"elementor-icon-list-text\">\ud83d\udd2e Sans commission<\/span>\n\t\t\t\t\t\t\t\t\t<\/li>\n\t\t\t\t\t\t<\/ul>\n\t\t\t\t\t\t<\/div>\n\t\t\t\t<\/div>\n\t\t\t\t<div class=\"elementor-element elementor-element-c565df3 elementor-widget__width-inherit elementor-button-align-center elementor-widget elementor-widget-form\" data-id=\"c565df3\" data-element_type=\"widget\" data-e-type=\"widget\" id=\"bookingform\" data-settings=\"{&quot;button_width&quot;:&quot;20&quot;,&quot;step_next_label&quot;:&quot;Suivant&quot;,&quot;step_previous_label&quot;:&quot;Pr\\u00e9c\\u00e9dent&quot;,&quot;button_width_mobile&quot;:&quot;100&quot;,&quot;step_type&quot;:&quot;number_text&quot;,&quot;step_icon_shape&quot;:&quot;circle&quot;}\" hidden-form=\"\" display=\"\" data-widget_type=\"form.default\">\n\t\t\t\t<div class=\"elementor-widget-container\">\n\t\t\t\t\t\t\t<form class=\"elementor-form\" method=\"post\" name=\"Formulaire r\u00e9servation\" aria-label=\"Formulaire r\u00e9servation\">\n\t\t\t<input type=\"hidden\" name=\"post_id\" value=\"1090\"\/>\n\t\t\t<input type=\"hidden\" name=\"form_id\" value=\"c565df3\"\/>\n\t\t\t<input type=\"hidden\" name=\"referer_title\" value=\"\" \/>\n\n\t\t\t\n\t\t\t<div class=\"elementor-form-fields-wrapper elementor-labels-above\">\n\t\t\t\t\t\t\t\t<div class=\"elementor-field-type-date elementor-field-group elementor-column elementor-field-group-checkin elementor-col-20 elementor-sm-50 elementor-field-required\">\n\t\t\t\t\t\t\t\t\t\t\t\t<label for=\"form-field-checkin\" class=\"elementor-field-label\">\n\t\t\t\t\t\t\t\tArriv\u00e9e\t\t\t\t\t\t\t<\/label>\n\t\t\t\t\t\t\n\t\t<input type=\"date\" name=\"form_fields[checkin]\" id=\"form-field-checkin\" class=\"elementor-field elementor-size-md  elementor-field-textual elementor-date-field elementor-use-native\" placeholder=\"Date d&#039;arriv\u00e9e\" required=\"required\" pattern=\"[0-9]{4}-[0-9]{2}-[0-9]{2}\">\n\t\t\t\t\t\t<\/div>\n\t\t\t\t\t\t\t\t<div class=\"elementor-field-type-date elementor-field-group elementor-column elementor-field-group-checkout elementor-col-20 elementor-sm-50 elementor-field-required\">\n\t\t\t\t\t\t\t\t\t\t\t\t<label for=\"form-field-checkout\" class=\"elementor-field-label\">\n\t\t\t\t\t\t\t\tD\u00e9part\t\t\t\t\t\t\t<\/label>\n\t\t\t\t\t\t\n\t\t<input type=\"date\" name=\"form_fields[checkout]\" id=\"form-field-checkout\" class=\"elementor-field elementor-size-md  elementor-field-textual elementor-date-field elementor-use-native\" placeholder=\"Date de d\u00e9part\" required=\"required\" pattern=\"[0-9]{4}-[0-9]{2}-[0-9]{2}\">\n\t\t\t\t\t\t<\/div>\n\t\t\t\t\t\t\t\t<div class=\"elementor-field-type-select elementor-field-group elementor-column elementor-field-group-adultes elementor-col-20 elementor-sm-50 elementor-field-required\">\n\t\t\t\t\t\t\t\t\t\t\t\t<label for=\"form-field-adultes\" class=\"elementor-field-label\">\n\t\t\t\t\t\t\t\tAdultes\t\t\t\t\t\t\t<\/label>\n\t\t\t\t\t\t\t\t<div class=\"elementor-field elementor-select-wrapper remove-before \">\n\t\t\t<div class=\"select-caret-down-wrapper\">\n\t\t\t\t<svg aria-hidden=\"true\" class=\"e-font-icon-svg e-eicon-caret-down\" viewBox=\"0 0 571.4 571.4\" xmlns=\"http:\/\/www.w3.org\/2000\/svg\"><path d=\"M571 393Q571 407 561 418L311 668Q300 679 286 679T261 668L11 418Q0 407 0 393T11 368 36 357H536Q550 357 561 368T571 393Z\"><\/path><\/svg>\t\t\t<\/div>\n\t\t\t<select name=\"form_fields[adultes]\" id=\"form-field-adultes\" class=\"elementor-field-textual elementor-size-md\" required=\"required\">\n\t\t\t\t\t\t\t\t\t<option value=\"1\" selected=\"selected\">1<\/option>\n\t\t\t\t\t\t\t\t\t<option value=\"2\">2<\/option>\n\t\t\t\t\t\t\t\t\t<option value=\"3\">3<\/option>\n\t\t\t\t\t\t\t\t\t<option value=\"4\">4<\/option>\n\t\t\t\t\t\t\t<\/select>\n\t\t<\/div>\n\t\t\t\t\t\t<\/div>\n\t\t\t\t\t\t\t\t<div class=\"elementor-field-type-select elementor-field-group elementor-column elementor-field-group-enfants elementor-col-20 elementor-sm-50 elementor-field-required\">\n\t\t\t\t\t\t\t\t\t\t\t\t<label for=\"form-field-enfants\" class=\"elementor-field-label\">\n\t\t\t\t\t\t\t\tEnfants\t\t\t\t\t\t\t<\/label>\n\t\t\t\t\t\t\t\t<div class=\"elementor-field elementor-select-wrapper remove-before \">\n\t\t\t<div class=\"select-caret-down-wrapper\">\n\t\t\t\t<svg aria-hidden=\"true\" class=\"e-font-icon-svg e-eicon-caret-down\" viewBox=\"0 0 571.4 571.4\" xmlns=\"http:\/\/www.w3.org\/2000\/svg\"><path d=\"M571 393Q571 407 561 418L311 668Q300 679 286 679T261 668L11 418Q0 407 0 393T11 368 36 357H536Q550 357 561 368T571 393Z\"><\/path><\/svg>\t\t\t<\/div>\n\t\t\t<select name=\"form_fields[enfants]\" id=\"form-field-enfants\" class=\"elementor-field-textual elementor-size-md\" required=\"required\">\n\t\t\t\t\t\t\t\t\t<option value=\"0\">0<\/option>\n\t\t\t\t\t\t\t\t\t<option value=\"1\">1<\/option>\n\t\t\t\t\t\t\t\t\t<option value=\"2\">2<\/option>\n\t\t\t\t\t\t\t\t\t<option value=\"3\">3<\/option>\n\t\t\t\t\t\t\t<\/select>\n\t\t<\/div>\n\t\t\t\t\t\t<\/div>\n\t\t\t\t\t\t\t\t<div class=\"elementor-field-group elementor-column elementor-field-type-submit elementor-col-20 e-form__buttons elementor-sm-100\">\n\t\t\t\t\t<button class=\"elementor-button elementor-size-md\" type=\"submit\">\n\t\t\t\t\t\t<span class=\"elementor-button-content-wrapper\">\n\t\t\t\t\t\t\t\t\t\t\t\t\t\t\t\t\t\t\t\t\t\t<span class=\"elementor-button-text\">VOIR LES DISPONIBILIT\u00c9S<\/span>\n\t\t\t\t\t\t\t\t\t\t\t\t\t<\/span>\n\t\t\t\t\t<\/button>\n\t\t\t\t<\/div>\n\t\t\t<\/div>\n\t\t<\/form>\n\t\t\t\t\t\t<\/div>\n\t\t\t\t<\/div>\n\t\t\t\t<\/div>\n\t\t\t\t\t<\/div>\n\t\t\t\t<\/div>\n\t\t\t\t<\/div>\n\t\t","protected":false},"excerpt":{"rendered":"<p>Consultez les disponibilit\u00e9s et tarifs du Refuge du Sorcier \u00e0 Libourne. R\u00e9servez votre s\u00e9jour magique en quelques clics.<\/p>","protected":false},"author":3,"featured_media":2291,"parent":0,"menu_order":0,"comment_status":"closed","ping_status":"closed","template":"","meta":{"footnotes":""},"class_list":["post-1090","page","type-page","status-publish","has-post-thumbnail","hentry"],"_links":{"self":[{"href":"https:\/\/refugedusorcier.com\/en\/wp-json\/wp\/v2\/pages\/1090","targetHints":{"allow":["GET"]}}],"collection":[{"href":"https:\/\/refugedusorcier.com\/en\/wp-json\/wp\/v2\/pages"}],"about":[{"href":"https:\/\/refugedusorcier.com\/en\/wp-json\/wp\/v2\/types\/page"}],"author":[{"embeddable":true,"href":"https:\/\/refugedusorcier.com\/en\/wp-json\/wp\/v2\/users\/3"}],"replies":[{"embeddable":true,"href":"https:\/\/refugedusorcier.com\/en\/wp-json\/wp\/v2\/comments?post=1090"}],"version-history":[{"count":332,"href":"https:\/\/refugedusorcier.com\/en\/wp-json\/wp\/v2\/pages\/1090\/revisions"}],"predecessor-version":[{"id":2762,"href":"https:\/\/refugedusorcier.com\/en\/wp-json\/wp\/v2\/pages\/1090\/revisions\/2762"}],"wp:featuredmedia":[{"embeddable":true,"href":"https:\/\/refugedusorcier.com\/en\/wp-json\/wp\/v2\/media\/2291"}],"wp:attachment":[{"href":"https:\/\/refugedusorcier.com\/en\/wp-json\/wp\/v2\/media?parent=1090"}],"curies":[{"name":"wp","href":"https:\/\/api.w.org\/{rel}","templated":true}]}}