{"id":5,"date":"2025-01-08T09:58:42","date_gmt":"2025-01-08T08:58:42","guid":{"rendered":"https:\/\/cornflowerblue-viper-735635.hostingersite.com\/?page_id=5"},"modified":"2025-06-10T20:38:23","modified_gmt":"2025-06-10T19:38:23","slug":"mentions-legales","status":"publish","type":"page","link":"https:\/\/refugedusorcier.com\/en\/mentions-legales\/","title":{"rendered":"Legal information"},"content":{"rendered":"<div data-elementor-type=\"wp-page\" data-elementor-id=\"5\" class=\"elementor elementor-5\" data-elementor-post-type=\"page\">\n\t\t\t\t<div class=\"elementor-element elementor-element-95bedf8 e-flex e-con-boxed e-con e-parent\" data-id=\"95bedf8\" data-element_type=\"container\" data-e-type=\"container\">\n\t\t\t\t\t<div class=\"e-con-inner\">\n\t\t<div class=\"elementor-element elementor-element-62f3e2b e-con-full e-flex elementor-invisible e-con e-child\" data-id=\"62f3e2b\" data-element_type=\"container\" data-e-type=\"container\" data-settings=\"{&quot;animation&quot;:&quot;fadeInUp&quot;}\">\n\t\t\t\t<div class=\"elementor-element elementor-element-ee63203 elementor-widget__width-initial elementor-widget elementor-widget-heading\" data-id=\"ee63203\" data-element_type=\"widget\" data-e-type=\"widget\" data-widget_type=\"heading.default\">\n\t\t\t\t<div class=\"elementor-widget-container\">\n\t\t\t\t\t<h1 class=\"elementor-heading-title elementor-size-default\">Legal information<\/h1>\t\t\t\t<\/div>\n\t\t\t\t<\/div>\n\t\t\t\t<div class=\"elementor-element elementor-element-4519bb9 elementor-widget-divider--view-line elementor-widget elementor-widget-divider\" data-id=\"4519bb9\" data-element_type=\"widget\" data-e-type=\"widget\" data-widget_type=\"divider.default\">\n\t\t\t\t<div class=\"elementor-widget-container\">\n\t\t\t\t\t\t\t<div class=\"elementor-divider\">\n\t\t\t<span class=\"elementor-divider-separator\">\n\t\t\t\t\t\t<\/span>\n\t\t<\/div>\n\t\t\t\t\t\t<\/div>\n\t\t\t\t<\/div>\n\t\t\t\t<\/div>\n\t\t\t\t<div class=\"elementor-element elementor-element-c49f8ed elementor-widget elementor-widget-text-editor\" data-id=\"c49f8ed\" data-element_type=\"widget\" data-e-type=\"widget\" data-widget_type=\"text-editor.default\">\n\t\t\t\t<div class=\"elementor-widget-container\">\n\t\t\t\t\t\t\t\t\t<p>This refugedusorcier.com website is operated by the company JELOUETRANQUILLE, registered under the number 95257424200014, whose registered office is at 20 C CHE DU MOULINAT 33160 SAINT-MEDARD-EN-JALLES and whose intra-community VAT number is FR15952574242. It can be contacted by e-mail at jelouetranquille(@)gmail.com.<\/p>\n<p>L\u2019\u00e9diteur est Monsieur St\u00e9phan Burgaud, immatricul\u00e9 sous num\u00e9ro le SIREN 841204555 et ayant pour num\u00e9ro de TVA intracommunautaire FR82841204555, et peut-\u00eatre joint par courrier \u00e9lectronique \u00e0 l\u2019adresse contact(@)mediafans.fr.<\/p>\n<p>This site is hosted by Hostinger International Ltd, whose registered office is at 61 Lordou Vironos str. 6023 Larnaca, Cyprus.<\/p>\t\t\t\t\t\t\t\t<\/div>\n\t\t\t\t<\/div>\n\t\t\t\t\t<\/div>\n\t\t\t\t<\/div>\n\t\t\t\t<\/div>","protected":false},"excerpt":{"rendered":"<p>Consultez les mentions l\u00e9gales du Refuge du Sorcier : \u00e9diteur du site, h\u00e9bergement, propri\u00e9t\u00e9 intellectuelle et obligations l\u00e9gales.<\/p>","protected":false},"author":3,"featured_media":2291,"parent":0,"menu_order":0,"comment_status":"closed","ping_status":"closed","template":"","meta":{"footnotes":""},"class_list":["post-5","page","type-page","status-publish","has-post-thumbnail","hentry"],"_links":{"self":[{"href":"https:\/\/refugedusorcier.com\/en\/wp-json\/wp\/v2\/pages\/5","targetHints":{"allow":["GET"]}}],"collection":[{"href":"https:\/\/refugedusorcier.com\/en\/wp-json\/wp\/v2\/pages"}],"about":[{"href":"https:\/\/refugedusorcier.com\/en\/wp-json\/wp\/v2\/types\/page"}],"author":[{"embeddable":true,"href":"https:\/\/refugedusorcier.com\/en\/wp-json\/wp\/v2\/users\/3"}],"replies":[{"embeddable":true,"href":"https:\/\/refugedusorcier.com\/en\/wp-json\/wp\/v2\/comments?post=5"}],"version-history":[{"count":17,"href":"https:\/\/refugedusorcier.com\/en\/wp-json\/wp\/v2\/pages\/5\/revisions"}],"predecessor-version":[{"id":2714,"href":"https:\/\/refugedusorcier.com\/en\/wp-json\/wp\/v2\/pages\/5\/revisions\/2714"}],"wp:featuredmedia":[{"embeddable":true,"href":"https:\/\/refugedusorcier.com\/en\/wp-json\/wp\/v2\/media\/2291"}],"wp:attachment":[{"href":"https:\/\/refugedusorcier.com\/en\/wp-json\/wp\/v2\/media?parent=5"}],"curies":[{"name":"wp","href":"https:\/\/api.w.org\/{rel}","templated":true}]}}